{"id":4035,"date":"2021-08-30T09:04:27","date_gmt":"2021-08-30T07:04:27","guid":{"rendered":"https:\/\/www.skayanatropicals.com\/?page_id=4035"},"modified":"2021-09-22T12:39:26","modified_gmt":"2021-09-22T10:39:26","slug":"uvoz-rastlin","status":"publish","type":"page","link":"https:\/\/www.skayanatropicals.com\/en\/uvoz-rastlin\/","title":{"rendered":"Veselje in bole\u010dina pri uvozu rastlin"},"content":{"rendered":"<div data-elementor-type=\"wp-page\" data-elementor-id=\"4035\" class=\"elementor elementor-4035\">\n\t\t\t\t\t\t<section class=\"elementor-section elementor-top-section elementor-element elementor-element-4e5a3b4 elementor-section-boxed elementor-section-height-default elementor-section-height-default\" data-id=\"4e5a3b4\" data-element_type=\"section\" data-e-type=\"section\">\n\t\t\t\t\t\t<div class=\"elementor-container elementor-column-gap-default\">\n\t\t\t\t\t<div class=\"elementor-column elementor-col-100 elementor-top-column elementor-element elementor-element-d98d159\" data-id=\"d98d159\" data-element_type=\"column\" data-e-type=\"column\">\n\t\t\t<div class=\"elementor-widget-wrap elementor-element-populated\">\n\t\t\t\t\t\t<div class=\"elementor-element elementor-element-2f65ae7 elementor-widget elementor-widget-heading\" data-id=\"2f65ae7\" data-element_type=\"widget\" data-e-type=\"widget\" data-widget_type=\"heading.default\">\n\t\t\t\t<div class=\"elementor-widget-container\">\n\t\t\t\t\t<h1 class=\"elementor-heading-title elementor-size-large\">Veselje in bole\u010dina pri uvozu rastlin<\/h1>\t\t\t\t<\/div>\n\t\t\t\t<\/div>\n\t\t\t\t\t<\/div>\n\t\t<\/div>\n\t\t\t\t\t<\/div>\n\t\t<\/section>\n\t\t\t\t<section class=\"elementor-section elementor-top-section elementor-element elementor-element-eaa9b6b elementor-section-boxed elementor-section-height-default elementor-section-height-default\" data-id=\"eaa9b6b\" data-element_type=\"section\" data-e-type=\"section\">\n\t\t\t\t\t\t<div class=\"elementor-container elementor-column-gap-default\">\n\t\t\t\t\t<div class=\"elementor-column elementor-col-100 elementor-top-column elementor-element elementor-element-029b929\" data-id=\"029b929\" data-element_type=\"column\" data-e-type=\"column\">\n\t\t\t<div class=\"elementor-widget-wrap elementor-element-populated\">\n\t\t\t\t\t\t<div class=\"elementor-element elementor-element-b42ed96 elementor-widget elementor-widget-text-editor\" data-id=\"b42ed96\" data-element_type=\"widget\" data-e-type=\"widget\" data-widget_type=\"text-editor.default\">\n\t\t\t\t<div class=\"elementor-widget-container\">\n\t\t\t\t\t\t\t\t\t<p>Lansko poletje sva se s fantom kon\u010dno preselila v lastno stanovanje. Da se je vdal v usodo je bila potrebna le pandemija epskih razse\u017enosti in prisega, da ne bo pretiranega vdiranja v njegov osebni prostor. Seveda sem kot perfektna punca dogovor spo\u0161tovala vsaj par tednov, preden sem dobronamerno ozelenila tudi\u00a0 njegovo pisarno.<\/p><p>Prvi\u010d v \u017eivljenju se mi je pojavila prilo\u017enost, da raz\u0161irim svojo, takrat \u0161e skromno, selekcijo rastlin. Severno okno s slabo svetlobo je nadomestil velik, svetel prostor, ki je kar klical po ozelenitvi.<\/p><p>Doma\u010dnost stanovanja je eksponentno nara\u0161\u010dala z vsako novo rastlino. Sprva osnovne rastline sem precej hitro zamenjala z vedno redkej\u0161imi tropskimi vrstami, ki so me o\u010darale s svojo zanimivo obliko listov in pre\u010dudovito variegacijo. Mojo odvisnost od redkih rastlin pa je zape\u010datila prav Philodendron Florida Beauty, ki je postala obraz mojega podjetja. Predstavlja pa lepoto in veselje, ki ti ga prinese trdo delo in trud, potreben pri uvozu rastlin iz dr\u017eav tretjega sveta.<\/p>\t\t\t\t\t\t\t\t<\/div>\n\t\t\t\t<\/div>\n\t\t\t\t\t<\/div>\n\t\t<\/div>\n\t\t\t\t\t<\/div>\n\t\t<\/section>\n\t\t\t\t<section class=\"elementor-section elementor-top-section elementor-element elementor-element-5a584bf elementor-section-boxed elementor-section-height-default elementor-section-height-default\" data-id=\"5a584bf\" data-element_type=\"section\" data-e-type=\"section\">\n\t\t\t\t\t\t<div class=\"elementor-container elementor-column-gap-default\">\n\t\t\t\t\t<div class=\"elementor-column elementor-col-100 elementor-top-column elementor-element elementor-element-61f14a0\" data-id=\"61f14a0\" data-element_type=\"column\" data-e-type=\"column\">\n\t\t\t<div class=\"elementor-widget-wrap elementor-element-populated\">\n\t\t\t\t\t\t<div class=\"elementor-element elementor-element-d14dbdc elementor-widget elementor-widget-image\" data-id=\"d14dbdc\" data-element_type=\"widget\" data-e-type=\"widget\" data-widget_type=\"image.default\">\n\t\t\t\t<div class=\"elementor-widget-container\">\n\t\t\t\t\t\t\t\t\t\t\t\t<figure class=\"wp-caption\">\n\t\t\t\t\t\t\t\t\t\t<img decoding=\"async\" src=\"https:\/\/www.skayanatropicals.com\/wp-content\/uploads\/2021\/08\/uvoz-rastlin-3.jpg\" title=\"uvoz rastlin 3\" alt=\"uvoz rastlin 3\" loading=\"lazy\" \/>\t\t\t\t\t\t\t\t\t\t\t<figcaption class=\"widget-image-caption wp-caption-text\">Prvi pogled na prispele rastline<\/figcaption>\n\t\t\t\t\t\t\t\t\t\t<\/figure>\n\t\t\t\t\t\t\t\t\t<\/div>\n\t\t\t\t<\/div>\n\t\t\t\t\t<\/div>\n\t\t<\/div>\n\t\t\t\t\t<\/div>\n\t\t<\/section>\n\t\t\t\t<section class=\"elementor-section elementor-top-section elementor-element elementor-element-5b1e84a elementor-section-boxed elementor-section-height-default elementor-section-height-default\" data-id=\"5b1e84a\" data-element_type=\"section\" data-e-type=\"section\">\n\t\t\t\t\t\t<div class=\"elementor-container elementor-column-gap-default\">\n\t\t\t\t\t<div class=\"elementor-column elementor-col-100 elementor-top-column elementor-element elementor-element-4d24062\" data-id=\"4d24062\" data-element_type=\"column\" data-e-type=\"column\">\n\t\t\t<div class=\"elementor-widget-wrap elementor-element-populated\">\n\t\t\t\t\t\t<div class=\"elementor-element elementor-element-fbe6d98 elementor-widget elementor-widget-text-editor\" data-id=\"fbe6d98\" data-element_type=\"widget\" data-e-type=\"widget\" data-widget_type=\"text-editor.default\">\n\t\t\t\t<div class=\"elementor-widget-container\">\n\t\t\t\t\t\t\t\t\t<p>Lov na redke rastline nas hitro ponese do dobaviteljev iz tropskih dr\u017eav, ki se pona\u0161ajo z izjemno ponudbo najrazli\u010dnej\u0161ih vrst redkih rastlin. Monstera, Philodendron, Anthurium, Syngonium, Hoya in \u0161e kaj. Neskon\u010dne gojilnice, skrbno vzgajanih rastlin v optimalnih pogojih, vzamejo sapo vsakemu rastlinoljubcu. Ampak tukaj se zgodba komaj pri\u010dne, saj pripeljat rastlino v Slovenijo ni ma\u010dji ka\u0161elj.\u00a0<\/p><p>Uvoz rastlin v Evropsko Unijo je strogo reguliran in zahteva izpolnitev dodatnih pogojev.\u00a0 Rastline morajo biti poslane brez zemlje, s fitosanitarnim spri\u010devalom, ob vstopu v Evropsko Unijo pa jih \u010daka postopek carinjenja in dodaten fitosanitarni pregled. Postopek priprave rastline za pridobitev fitosanitarnega spri\u010devala je zelo intenziven, korenine se morajo dobro o\u010distit, pri \u010demer pogosto pride do hudih po\u0161kodb. Za la\u017eje po\u0161iljanje nekateri dobavitelji rastline \u0161e dodatno osu\u0161ijo, korenine pa ovijejo v vla\u017een mah. Splo\u0161\u010dene in izsu\u0161ene rastline so nato na tesno stisnjene v \u0161katlo, pripravljene za dolgo pot. Paketi ponavadi potujejo vsaj 3 dni, odvisno od dr\u017eave izvora, dostavne slu\u017ebe ter postopka carinjenja. Paketi pa v\u010dasih med potjo zaidejo ali kljub vsem izpoljenim pogojem dlje \u010dasa stojijo na carini. V primeru neskladnosti papirjev pa je lahko paket pred vstopom v EU tudi zavrnjen.<\/p>\t\t\t\t\t\t\t\t<\/div>\n\t\t\t\t<\/div>\n\t\t\t\t\t<\/div>\n\t\t<\/div>\n\t\t\t\t\t<\/div>\n\t\t<\/section>\n\t\t\t\t<section class=\"elementor-section elementor-top-section elementor-element elementor-element-6dacb12 elementor-section-boxed elementor-section-height-default elementor-section-height-default\" data-id=\"6dacb12\" data-element_type=\"section\" data-e-type=\"section\">\n\t\t\t\t\t\t<div class=\"elementor-container elementor-column-gap-default\">\n\t\t\t\t\t<div class=\"elementor-column elementor-col-50 elementor-top-column elementor-element elementor-element-d9244ae\" data-id=\"d9244ae\" data-element_type=\"column\" data-e-type=\"column\">\n\t\t\t<div class=\"elementor-widget-wrap elementor-element-populated\">\n\t\t\t\t\t\t<div class=\"elementor-element elementor-element-b0eae4d elementor-widget elementor-widget-image\" data-id=\"b0eae4d\" data-element_type=\"widget\" data-e-type=\"widget\" data-widget_type=\"image.default\">\n\t\t\t\t<div class=\"elementor-widget-container\">\n\t\t\t\t\t\t\t\t\t\t\t\t<figure class=\"wp-caption\">\n\t\t\t\t\t\t\t\t\t\t<img decoding=\"async\" src=\"https:\/\/www.skayanatropicals.com\/wp-content\/uploads\/2021\/08\/uvoz-rastlin-1.jpg\" title=\"uvoz rastlin 1\" alt=\"uvoz rastlin 1\" loading=\"lazy\" \/>\t\t\t\t\t\t\t\t\t\t\t<figcaption class=\"widget-image-caption wp-caption-text\">\u010cudoviti primerki prispelih Anthurium Crystallinum, Anthurium hybrid, Anthurium Crystallinum x Magnificum, Anthurium Dorayaki<\/figcaption>\n\t\t\t\t\t\t\t\t\t\t<\/figure>\n\t\t\t\t\t\t\t\t\t<\/div>\n\t\t\t\t<\/div>\n\t\t\t\t\t<\/div>\n\t\t<\/div>\n\t\t\t\t<div class=\"elementor-column elementor-col-50 elementor-top-column elementor-element elementor-element-017fc5e\" data-id=\"017fc5e\" data-element_type=\"column\" data-e-type=\"column\">\n\t\t\t<div class=\"elementor-widget-wrap elementor-element-populated\">\n\t\t\t\t\t\t<div class=\"elementor-element elementor-element-bb376c0 elementor-widget elementor-widget-image\" data-id=\"bb376c0\" data-element_type=\"widget\" data-e-type=\"widget\" data-widget_type=\"image.default\">\n\t\t\t\t<div class=\"elementor-widget-container\">\n\t\t\t\t\t\t\t\t\t\t\t\t<figure class=\"wp-caption\">\n\t\t\t\t\t\t\t\t\t\t<img decoding=\"async\" src=\"https:\/\/www.skayanatropicals.com\/wp-content\/uploads\/2021\/08\/uvoz-rastlin-2.jpg\" title=\"uvoz rastlin 2\" alt=\"uvoz rastlin 2\" loading=\"lazy\" \/>\t\t\t\t\t\t\t\t\t\t\t<figcaption class=\"widget-image-caption wp-caption-text\">Philodendron Gloriosum je prispel v precej slab\u0161em stanju<\/figcaption>\n\t\t\t\t\t\t\t\t\t\t<\/figure>\n\t\t\t\t\t\t\t\t\t<\/div>\n\t\t\t\t<\/div>\n\t\t\t\t\t<\/div>\n\t\t<\/div>\n\t\t\t\t\t<\/div>\n\t\t<\/section>\n\t\t\t\t<section class=\"elementor-section elementor-top-section elementor-element elementor-element-270476e elementor-section-boxed elementor-section-height-default elementor-section-height-default\" data-id=\"270476e\" data-element_type=\"section\" data-e-type=\"section\">\n\t\t\t\t\t\t<div class=\"elementor-container elementor-column-gap-default\">\n\t\t\t\t\t<div class=\"elementor-column elementor-col-100 elementor-top-column elementor-element elementor-element-694b246\" data-id=\"694b246\" data-element_type=\"column\" data-e-type=\"column\">\n\t\t\t<div class=\"elementor-widget-wrap elementor-element-populated\">\n\t\t\t\t\t\t<div class=\"elementor-element elementor-element-d4c2384 elementor-widget elementor-widget-text-editor\" data-id=\"d4c2384\" data-element_type=\"widget\" data-e-type=\"widget\" data-widget_type=\"text-editor.default\">\n\t\t\t\t<div class=\"elementor-widget-container\">\n\t\t\t\t\t\t\t\t\t<p>\u010ceprav rastline opravijo dolgo in naporno pot, pogosto zgledajo presenetljivo dobro, \u0161e posebej kadar prispejo hitro in brez zapletov. Posledice stresa, ki ga do\u017eivijo zaradi menjave okolja in poti, se mnogokrat poznajo \u0161ele kasneje. Najbolj kriti\u010dna sta prva dva tedna, nakar lahko zelo dobro ocenimo ali bo rastlino mogo\u010de rehabilitirati. Potrebno je kar nekaj dodatne opreme, saj moramo vsaki rastlinski vrsti zagotoviti primerno visoko vlago,\u00a0 toploto in svetlobo. Oslabljene rastline sprva usmerijo energijo v razvoj mo\u010dnih temeljnih korenin. Stare liste pogosto zavr\u017eejo, saj se na tej to\u010dki \u0161e borijo za pre\u017eivetje. Novo rast lahko ponavadi pri\u010dakujemo komaj takrat, ko rastlina razvije stabilen koreninski sistem. S privajanjem na sobne pogoje pri\u010dnemo po\u010dasi in previdno z mnogo potrpe\u017eljivosti.\u00a0\u00a0<\/p><p>Uvoz redkih rastlin nam lahko prinese izjemno veselje. Prvi pogled na dolgo iskano lepotico, uspe\u0161na rehabilitacija, nova rast ali cveto\u010da hoya so trenutki, za katere rastlinoljubci \u017eivimo. Seveda pa obstaja tudi temna plat o kateri precej neradi govorimo. Pri odpiranju paketa nas obdaja rahla nemirnost, saj nikoli ne ve\u0161 kaj te pri\u010daka. Najlep\u0161e, najljub\u0161e, zdrave in perfektne rastline ali pa masovno rastlinsko grobi\u0161\u010de. Situacija se lahko v trenutku spremeni v no\u010dno moro, saj prodajalci le redko ponujajo povra\u010dilo kupnine. Vsak dodaten dan na carini je lahko usoden, vsak prevro\u010d ali premrzel dan lahko pomeni katastrofo. Stres pri rastlini se lahko poka\u017ee komaj po par tednih. Vsa investicija v opremo, skrbna nega in pozornost v\u010dasih ni dovolj. Uvoz redkih rastlin je\u00a0 vir najve\u010djega veselja prav tako pa tudi velike bole\u010dine.<\/p>\t\t\t\t\t\t\t\t<\/div>\n\t\t\t\t<\/div>\n\t\t\t\t\t<\/div>\n\t\t<\/div>\n\t\t\t\t\t<\/div>\n\t\t<\/section>\n\t\t\t\t<section class=\"elementor-section elementor-top-section elementor-element elementor-element-ce522a1 elementor-section-boxed elementor-section-height-default elementor-section-height-default\" data-id=\"ce522a1\" data-element_type=\"section\" data-e-type=\"section\">\n\t\t\t\t\t\t<div class=\"elementor-container elementor-column-gap-default\">\n\t\t\t\t\t<div class=\"elementor-column elementor-col-100 elementor-top-column elementor-element elementor-element-677acb4\" data-id=\"677acb4\" data-element_type=\"column\" data-e-type=\"column\">\n\t\t\t<div class=\"elementor-widget-wrap elementor-element-populated\">\n\t\t\t\t\t\t<div class=\"elementor-element elementor-element-7fb0595 elementor-widget elementor-widget-heading\" data-id=\"7fb0595\" data-element_type=\"widget\" data-e-type=\"widget\" data-widget_type=\"heading.default\">\n\t\t\t\t<div class=\"elementor-widget-container\">\n\t\t\t\t\t<h2 class=\"elementor-heading-title elementor-size-medium\">Pridru\u017eite se spremljanju na\u0161e zgodbe ali obi\u0161\u010dite spletno trgovino!<\/h2>\t\t\t\t<\/div>\n\t\t\t\t<\/div>\n\t\t\t\t\t<\/div>\n\t\t<\/div>\n\t\t\t\t\t<\/div>\n\t\t<\/section>\n\t\t\t\t<section class=\"elementor-section elementor-top-section elementor-element elementor-element-3a004e6 elementor-section-boxed elementor-section-height-default elementor-section-height-default\" data-id=\"3a004e6\" data-element_type=\"section\" data-e-type=\"section\">\n\t\t\t\t\t\t<div class=\"elementor-container elementor-column-gap-default\">\n\t\t\t\t\t<div class=\"elementor-column elementor-col-50 elementor-top-column elementor-element elementor-element-bd56b50\" data-id=\"bd56b50\" data-element_type=\"column\" data-e-type=\"column\">\n\t\t\t<div class=\"elementor-widget-wrap elementor-element-populated\">\n\t\t\t\t\t\t<div class=\"elementor-element elementor-element-8c28ebd elementor-align-right elementor-mobile-align-center elementor-widget elementor-widget-button\" data-id=\"8c28ebd\" data-element_type=\"widget\" data-e-type=\"widget\" data-widget_type=\"button.default\">\n\t\t\t\t<div class=\"elementor-widget-container\">\n\t\t\t\t\t\t\t\t\t<div class=\"elementor-button-wrapper\">\n\t\t\t\t\t<a class=\"elementor-button elementor-button-link elementor-size-sm\" href=\"https:\/\/www.skayanatropicals.com\/en\/narocilo-na-novice\/\">\n\t\t\t\t\t\t<span class=\"elementor-button-content-wrapper\">\n\t\t\t\t\t\t\t\t\t<span class=\"elementor-button-text\">Novice<\/span>\n\t\t\t\t\t<\/span>\n\t\t\t\t\t<\/a>\n\t\t\t\t<\/div>\n\t\t\t\t\t\t\t\t<\/div>\n\t\t\t\t<\/div>\n\t\t\t\t\t<\/div>\n\t\t<\/div>\n\t\t\t\t<div class=\"elementor-column elementor-col-50 elementor-top-column elementor-element elementor-element-cd88dd0\" data-id=\"cd88dd0\" data-element_type=\"column\" data-e-type=\"column\">\n\t\t\t<div class=\"elementor-widget-wrap elementor-element-populated\">\n\t\t\t\t\t\t<div class=\"elementor-element elementor-element-4090736 elementor-mobile-align-center elementor-widget elementor-widget-button\" data-id=\"4090736\" data-element_type=\"widget\" data-e-type=\"widget\" data-widget_type=\"button.default\">\n\t\t\t\t<div class=\"elementor-widget-container\">\n\t\t\t\t\t\t\t\t\t<div class=\"elementor-button-wrapper\">\n\t\t\t\t\t<a class=\"elementor-button elementor-button-link elementor-size-sm\" href=\"https:\/\/www.skayanatropicals.com\/en\/shop\/\">\n\t\t\t\t\t\t<span class=\"elementor-button-content-wrapper\">\n\t\t\t\t\t\t\t\t\t<span class=\"elementor-button-text\">SHOP<\/span>\n\t\t\t\t\t<\/span>\n\t\t\t\t\t<\/a>\n\t\t\t\t<\/div>\n\t\t\t\t\t\t\t\t<\/div>\n\t\t\t\t<\/div>\n\t\t\t\t\t<\/div>\n\t\t<\/div>\n\t\t\t\t\t<\/div>\n\t\t<\/section>\n\t\t\t\t<\/div>","protected":false},"excerpt":{"rendered":"<p>Veselje in bole\u010dina pri uvozu rastlin Lansko poletje sva se s fantom kon\u010dno preselila v lastno stanovanje. Da se je vdal v usodo je bila potrebna le pandemija epskih razse\u017enosti in prisega, da ne bo pretiranega vdiranja v njegov osebni prostor. Seveda sem kot perfektna punca dogovor spo\u0161tovala vsaj par tednov, preden sem dobronamerno ozelenila [&hellip;]<\/p>\n","protected":false},"author":1,"featured_media":0,"parent":0,"menu_order":0,"comment_status":"closed","ping_status":"closed","template":"","meta":{"site-sidebar-layout":"no-sidebar","site-content-layout":"page-builder","ast-site-content-layout":"default","site-content-style":"default","site-sidebar-style":"default","ast-global-header-display":"","ast-banner-title-visibility":"","ast-main-header-display":"","ast-hfb-above-header-display":"","ast-hfb-below-header-display":"","ast-hfb-mobile-header-display":"","site-post-title":"disabled","ast-breadcrumbs-content":"","ast-featured-img":"disabled","footer-sml-layout":"","ast-disable-related-posts":"","theme-transparent-header-meta":"default","adv-header-id-meta":"","stick-header-meta":"","header-above-stick-meta":"","header-main-stick-meta":"","header-below-stick-meta":"","astra-migrate-meta-layouts":"default","ast-page-background-enabled":"default","ast-page-background-meta":{"desktop":{"background-color":"","background-image":"","background-repeat":"repeat","background-position":"center center","background-size":"auto","background-attachment":"scroll","background-type":"","background-media":"","overlay-type":"","overlay-color":"","overlay-opacity":"","overlay-gradient":""},"tablet":{"background-color":"","background-image":"","background-repeat":"repeat","background-position":"center center","background-size":"auto","background-attachment":"scroll","background-type":"","background-media":"","overlay-type":"","overlay-color":"","overlay-opacity":"","overlay-gradient":""},"mobile":{"background-color":"","background-image":"","background-repeat":"repeat","background-position":"center center","background-size":"auto","background-attachment":"scroll","background-type":"","background-media":"","overlay-type":"","overlay-color":"","overlay-opacity":"","overlay-gradient":""}},"ast-content-background-meta":{"desktop":{"background-color":"var(--ast-global-color-5)","background-image":"","background-repeat":"repeat","background-position":"center center","background-size":"auto","background-attachment":"scroll","background-type":"","background-media":"","overlay-type":"","overlay-color":"","overlay-opacity":"","overlay-gradient":""},"tablet":{"background-color":"var(--ast-global-color-5)","background-image":"","background-repeat":"repeat","background-position":"center center","background-size":"auto","background-attachment":"scroll","background-type":"","background-media":"","overlay-type":"","overlay-color":"","overlay-opacity":"","overlay-gradient":""},"mobile":{"background-color":"var(--ast-global-color-5)","background-image":"","background-repeat":"repeat","background-position":"center center","background-size":"auto","background-attachment":"scroll","background-type":"","background-media":"","overlay-type":"","overlay-color":"","overlay-opacity":"","overlay-gradient":""}},"footnotes":""},"class_list":["post-4035","page","type-page","status-publish","hentry"],"_links":{"self":[{"href":"https:\/\/www.skayanatropicals.com\/en\/wp-json\/wp\/v2\/pages\/4035","targetHints":{"allow":["GET"]}}],"collection":[{"href":"https:\/\/www.skayanatropicals.com\/en\/wp-json\/wp\/v2\/pages"}],"about":[{"href":"https:\/\/www.skayanatropicals.com\/en\/wp-json\/wp\/v2\/types\/page"}],"author":[{"embeddable":true,"href":"https:\/\/www.skayanatropicals.com\/en\/wp-json\/wp\/v2\/users\/1"}],"replies":[{"embeddable":true,"href":"https:\/\/www.skayanatropicals.com\/en\/wp-json\/wp\/v2\/comments?post=4035"}],"version-history":[{"count":84,"href":"https:\/\/www.skayanatropicals.com\/en\/wp-json\/wp\/v2\/pages\/4035\/revisions"}],"predecessor-version":[{"id":4494,"href":"https:\/\/www.skayanatropicals.com\/en\/wp-json\/wp\/v2\/pages\/4035\/revisions\/4494"}],"wp:attachment":[{"href":"https:\/\/www.skayanatropicals.com\/en\/wp-json\/wp\/v2\/media?parent=4035"}],"curies":[{"name":"wp","href":"https:\/\/api.w.org\/{rel}","templated":true}]}}