{"id":4423,"date":"2021-09-22T11:15:17","date_gmt":"2021-09-22T09:15:17","guid":{"rendered":"https:\/\/www.skayanatropicals.com\/?page_id=4423"},"modified":"2021-11-23T22:04:46","modified_gmt":"2021-11-23T21:04:46","slug":"carobni-svet-hoy","status":"publish","type":"page","link":"https:\/\/www.skayanatropicals.com\/en\/carobni-svet-hoy\/","title":{"rendered":"\u010carobni svet hoy"},"content":{"rendered":"<div data-elementor-type=\"wp-page\" data-elementor-id=\"4423\" class=\"elementor elementor-4423\">\n\t\t\t\t\t\t<section class=\"elementor-section elementor-top-section elementor-element elementor-element-4e5a3b4 elementor-section-boxed elementor-section-height-default elementor-section-height-default\" data-id=\"4e5a3b4\" data-element_type=\"section\" data-e-type=\"section\">\n\t\t\t\t\t\t<div class=\"elementor-container elementor-column-gap-default\">\n\t\t\t\t\t<div class=\"elementor-column elementor-col-100 elementor-top-column elementor-element elementor-element-d98d159\" data-id=\"d98d159\" data-element_type=\"column\" data-e-type=\"column\">\n\t\t\t<div class=\"elementor-widget-wrap elementor-element-populated\">\n\t\t\t\t\t\t<div class=\"elementor-element elementor-element-2f65ae7 elementor-widget elementor-widget-heading\" data-id=\"2f65ae7\" data-element_type=\"widget\" data-e-type=\"widget\" data-widget_type=\"heading.default\">\n\t\t\t\t<div class=\"elementor-widget-container\">\n\t\t\t\t\t<h1 class=\"elementor-heading-title elementor-size-default\">\u010carobni svet hoj<\/h1>\t\t\t\t<\/div>\n\t\t\t\t<\/div>\n\t\t\t\t\t<\/div>\n\t\t<\/div>\n\t\t\t\t\t<\/div>\n\t\t<\/section>\n\t\t\t\t<section class=\"elementor-section elementor-top-section elementor-element elementor-element-eaa9b6b elementor-section-boxed elementor-section-height-default elementor-section-height-default\" data-id=\"eaa9b6b\" data-element_type=\"section\" data-e-type=\"section\">\n\t\t\t\t\t\t<div class=\"elementor-container elementor-column-gap-default\">\n\t\t\t\t\t<div class=\"elementor-column elementor-col-100 elementor-top-column elementor-element elementor-element-029b929\" data-id=\"029b929\" data-element_type=\"column\" data-e-type=\"column\">\n\t\t\t<div class=\"elementor-widget-wrap elementor-element-populated\">\n\t\t\t\t\t\t<div class=\"elementor-element elementor-element-b42ed96 elementor-widget elementor-widget-text-editor\" data-id=\"b42ed96\" data-element_type=\"widget\" data-e-type=\"widget\" data-widget_type=\"text-editor.default\">\n\t\t\t\t<div class=\"elementor-widget-container\">\n\t\t\t\t\t\t\t\t\t<p>Najverjetneje se je vsak \u017ee sre\u010dal s klasi\u010dnimi vrstami hoj, ki so na\u0161im babicam kot sobne rastline krasile notranje prostore. Nekaterim so bolj znane pod imenom vo\u0161\u010denke, ki izhaja iz voskastega izcedka iz cvetov. So rastline, ki so pogosto pozabljene med rastlinoljubci, saj lahko v primerjavi z ostalimi pompoznimi redkimi tropskimi rastlinami izpadejo na prvi pogled \u201cdolgo\u010dasne\u201d ali \u201cobi\u010dajne\u201d. Ampak takoj ko se podamo na lov za redkej\u0161imi hojami, odkrijemo da to absolutno ni res. Hitro zapademo v tako imenovano \u201chojamanijo\u201d. Zelo resno stanje, ki povzro\u010di, da se doma\u010de poli\u010dke hitro zapolnijo z mini lon\u010dki pisanih in svetle\u010dih rastlinic. Podatkov o dolgoro\u010dni podivjanosti rastlin \u0161e ni, se pa \u017ee pojavljajo slike prepletenih psov in partnerjev, ki jim ni uspelo pravo\u010dasno pobegniti.<\/p>\t\t\t\t\t\t\t\t<\/div>\n\t\t\t\t<\/div>\n\t\t\t\t\t<\/div>\n\t\t<\/div>\n\t\t\t\t\t<\/div>\n\t\t<\/section>\n\t\t\t\t<section class=\"elementor-section elementor-top-section elementor-element elementor-element-5a584bf elementor-section-boxed elementor-section-height-default elementor-section-height-default\" data-id=\"5a584bf\" data-element_type=\"section\" data-e-type=\"section\">\n\t\t\t\t\t\t<div class=\"elementor-container elementor-column-gap-default\">\n\t\t\t\t\t<div class=\"elementor-column elementor-col-100 elementor-top-column elementor-element elementor-element-61f14a0\" data-id=\"61f14a0\" data-element_type=\"column\" data-e-type=\"column\">\n\t\t\t<div class=\"elementor-widget-wrap elementor-element-populated\">\n\t\t\t\t\t\t<div class=\"elementor-element elementor-element-d14dbdc elementor-widget elementor-widget-image\" data-id=\"d14dbdc\" data-element_type=\"widget\" data-e-type=\"widget\" data-widget_type=\"image.default\">\n\t\t\t\t<div class=\"elementor-widget-container\">\n\t\t\t\t\t\t\t\t\t\t\t\t<figure class=\"wp-caption\">\n\t\t\t\t\t\t\t\t\t\t<img decoding=\"async\" src=\"https:\/\/www.skayanatropicals.com\/wp-content\/uploads\/2021\/09\/posledice-hoyamanije.jpg\" title=\"posledice hoyamanije\" alt=\"posledice hoyamanije\" loading=\"lazy\" \/>\t\t\t\t\t\t\t\t\t\t\t<figcaption class=\"widget-image-caption wp-caption-text\">posledice hojamanije<\/figcaption>\n\t\t\t\t\t\t\t\t\t\t<\/figure>\n\t\t\t\t\t\t\t\t\t<\/div>\n\t\t\t\t<\/div>\n\t\t\t\t\t<\/div>\n\t\t<\/div>\n\t\t\t\t\t<\/div>\n\t\t<\/section>\n\t\t\t\t<section class=\"elementor-section elementor-top-section elementor-element elementor-element-32f95d2 elementor-section-boxed elementor-section-height-default elementor-section-height-default\" data-id=\"32f95d2\" data-element_type=\"section\" data-e-type=\"section\">\n\t\t\t\t\t\t<div class=\"elementor-container elementor-column-gap-default\">\n\t\t\t\t\t<div class=\"elementor-column elementor-col-100 elementor-top-column elementor-element elementor-element-660d430\" data-id=\"660d430\" data-element_type=\"column\" data-e-type=\"column\">\n\t\t\t<div class=\"elementor-widget-wrap elementor-element-populated\">\n\t\t\t\t\t\t<div class=\"elementor-element elementor-element-d12a3c5 elementor-widget elementor-widget-heading\" data-id=\"d12a3c5\" data-element_type=\"widget\" data-e-type=\"widget\" data-widget_type=\"heading.default\">\n\t\t\t\t<div class=\"elementor-widget-container\">\n\t\t\t\t\t<h2 class=\"elementor-heading-title elementor-size-default\">Raznolikost hoj<\/h2>\t\t\t\t<\/div>\n\t\t\t\t<\/div>\n\t\t\t\t\t<\/div>\n\t\t<\/div>\n\t\t\t\t\t<\/div>\n\t\t<\/section>\n\t\t\t\t<section class=\"elementor-section elementor-top-section elementor-element elementor-element-5b1e84a elementor-section-boxed elementor-section-height-default elementor-section-height-default\" data-id=\"5b1e84a\" data-element_type=\"section\" data-e-type=\"section\">\n\t\t\t\t\t\t<div class=\"elementor-container elementor-column-gap-default\">\n\t\t\t\t\t<div class=\"elementor-column elementor-col-100 elementor-top-column elementor-element elementor-element-4d24062\" data-id=\"4d24062\" data-element_type=\"column\" data-e-type=\"column\">\n\t\t\t<div class=\"elementor-widget-wrap elementor-element-populated\">\n\t\t\t\t\t\t<div class=\"elementor-element elementor-element-fbe6d98 elementor-widget elementor-widget-text-editor\" data-id=\"fbe6d98\" data-element_type=\"widget\" data-e-type=\"widget\" data-widget_type=\"text-editor.default\">\n\t\t\t\t<div class=\"elementor-widget-container\">\n\t\t\t\t\t\t\t\t\t<p>Dru\u017eina hoj je zelo raznolika saj \u0161teje ve\u010d kot 200 vrst, oziroma preko 900 kultivarjev in hibridov. O\u010darajo nas lahko s posebnimi variegiranimi listi, najrazli\u010dnej\u0161imi \u017eilnimi vzorci in barvnimi odtenki. Nekatere se obarvajo tudi v rde\u010dkasto, \u010de jim priskrbimo dovolj svetlobe. Marsikdaj nas tudi prijetno presenetijo, saj svojo lepoto izrazijo komaj ko zacvetijo.<\/p>\t\t\t\t\t\t\t\t<\/div>\n\t\t\t\t<\/div>\n\t\t\t\t\t<\/div>\n\t\t<\/div>\n\t\t\t\t\t<\/div>\n\t\t<\/section>\n\t\t\t\t<section class=\"elementor-section elementor-top-section elementor-element elementor-element-6dacb12 elementor-section-boxed elementor-section-height-default elementor-section-height-default\" data-id=\"6dacb12\" data-element_type=\"section\" data-e-type=\"section\">\n\t\t\t\t\t\t<div class=\"elementor-container elementor-column-gap-default\">\n\t\t\t\t\t<div class=\"elementor-column elementor-col-50 elementor-top-column elementor-element elementor-element-d9244ae\" data-id=\"d9244ae\" data-element_type=\"column\" data-e-type=\"column\">\n\t\t\t<div class=\"elementor-widget-wrap elementor-element-populated\">\n\t\t\t\t\t\t<div class=\"elementor-element elementor-element-b0eae4d elementor-widget elementor-widget-image\" data-id=\"b0eae4d\" data-element_type=\"widget\" data-e-type=\"widget\" data-widget_type=\"image.default\">\n\t\t\t\t<div class=\"elementor-widget-container\">\n\t\t\t\t\t\t\t\t\t\t\t\t<figure class=\"wp-caption\">\n\t\t\t\t\t\t\t\t\t\t\t<a href=\"https:\/\/www.skayanatropicals.com\/en\/product\/hoya-caudata-sumatra\/\">\n\t\t\t\t\t\t\t<img decoding=\"async\" src=\"https:\/\/www.skayanatropicals.com\/wp-content\/uploads\/2021\/09\/cvetoca-hoya.jpg\" title=\"cveto\u010da hoya\" alt=\"cveto\u010da hoya\" loading=\"lazy\" \/>\t\t\t\t\t\t\t\t<\/a>\n\t\t\t\t\t\t\t\t\t\t\t<figcaption class=\"widget-image-caption wp-caption-text\">cveto\u010da hoja (Hoya Caudata Sumatra)<\/figcaption>\n\t\t\t\t\t\t\t\t\t\t<\/figure>\n\t\t\t\t\t\t\t\t\t<\/div>\n\t\t\t\t<\/div>\n\t\t\t\t\t<\/div>\n\t\t<\/div>\n\t\t\t\t<div class=\"elementor-column elementor-col-50 elementor-top-column elementor-element elementor-element-017fc5e\" data-id=\"017fc5e\" data-element_type=\"column\" data-e-type=\"column\">\n\t\t\t<div class=\"elementor-widget-wrap elementor-element-populated\">\n\t\t\t\t\t\t<div class=\"elementor-element elementor-element-bb376c0 elementor-widget elementor-widget-image\" data-id=\"bb376c0\" data-element_type=\"widget\" data-e-type=\"widget\" data-widget_type=\"image.default\">\n\t\t\t\t<div class=\"elementor-widget-container\">\n\t\t\t\t\t\t\t\t\t\t\t\t<figure class=\"wp-caption\">\n\t\t\t\t\t\t\t\t\t\t\t<a href=\"https:\/\/hoyalover.com\">\n\t\t\t\t\t\t\t<img decoding=\"async\" src=\"https:\/\/www.skayanatropicals.com\/wp-content\/uploads\/2021\/09\/hoya-koticek.jpg\" title=\"hoya koti\u010dek\" alt=\"hoya koti\u010dek\" loading=\"lazy\" \/>\t\t\t\t\t\t\t\t<\/a>\n\t\t\t\t\t\t\t\t\t\t\t<figcaption class=\"widget-image-caption wp-caption-text\">Pri nekaterih obolelih lahko najdemo na poli\u010dkah le podivjane hoye            (vir: hoyalover.com @green_is_the_colour_by_nina)<\/figcaption>\n\t\t\t\t\t\t\t\t\t\t<\/figure>\n\t\t\t\t\t\t\t\t\t<\/div>\n\t\t\t\t<\/div>\n\t\t\t\t\t<\/div>\n\t\t<\/div>\n\t\t\t\t\t<\/div>\n\t\t<\/section>\n\t\t\t\t<section class=\"elementor-section elementor-top-section elementor-element elementor-element-d8fc328 elementor-section-boxed elementor-section-height-default elementor-section-height-default\" data-id=\"d8fc328\" data-element_type=\"section\" data-e-type=\"section\">\n\t\t\t\t\t\t<div class=\"elementor-container elementor-column-gap-default\">\n\t\t\t\t\t<div class=\"elementor-column elementor-col-100 elementor-top-column elementor-element elementor-element-eacc199\" data-id=\"eacc199\" data-element_type=\"column\" data-e-type=\"column\">\n\t\t\t<div class=\"elementor-widget-wrap elementor-element-populated\">\n\t\t\t\t\t\t<div class=\"elementor-element elementor-element-585e142 elementor-widget elementor-widget-heading\" data-id=\"585e142\" data-element_type=\"widget\" data-e-type=\"widget\" data-widget_type=\"heading.default\">\n\t\t\t\t<div class=\"elementor-widget-container\">\n\t\t\t\t\t<h2 class=\"elementor-heading-title elementor-size-default\">Nega hoj<\/h2>\t\t\t\t<\/div>\n\t\t\t\t<\/div>\n\t\t\t\t\t<\/div>\n\t\t<\/div>\n\t\t\t\t\t<\/div>\n\t\t<\/section>\n\t\t\t\t<section class=\"elementor-section elementor-top-section elementor-element elementor-element-e4c77d1 elementor-section-boxed elementor-section-height-default elementor-section-height-default\" data-id=\"e4c77d1\" data-element_type=\"section\" data-e-type=\"section\">\n\t\t\t\t\t\t<div class=\"elementor-container elementor-column-gap-default\">\n\t\t\t\t\t<div class=\"elementor-column elementor-col-100 elementor-top-column elementor-element elementor-element-67ed5dd\" data-id=\"67ed5dd\" data-element_type=\"column\" data-e-type=\"column\">\n\t\t\t<div class=\"elementor-widget-wrap elementor-element-populated\">\n\t\t\t\t\t\t<div class=\"elementor-element elementor-element-18c0864 elementor-widget elementor-widget-text-editor\" data-id=\"18c0864\" data-element_type=\"widget\" data-e-type=\"widget\" data-widget_type=\"text-editor.default\">\n\t\t\t\t<div class=\"elementor-widget-container\">\n\t\t\t\t\t\t\t\t\t<p>Potruditi se moramo, da jim omogo\u010dimo pogoje rasti, ki so \u010dimbolj podobni njihovemu primarnemu okolju. Kot tropske rastline imajo rade vi\u0161jo vlago, redno zalivanje in veliko indirektne svetlobe. Ponavadi se hitro in brez te\u017eav prilagodijo na sobno vlago, nekatere vrste pa tudi dobro prena\u0161ajo direktno sonce. Predvsem moramo paziti na redno zalivanje, saj v nasprotnem primeru odvr\u017eejo mlade listke. Nekatere vrste so plezalke, ki se s svojimi viticami ovijajo na oporo, druge pa rastejo kot lepi ko\u0161ati grmi\u010dki in so bolj sre\u010dne \u010de lahko visijo iz svojih lon\u010dkov.<\/p>\n<p>Pri izbiri substrata moramo upo\u0161tevati, da imajo rade redno in obilno zalivanje, hkrati pa imajo zelo ob\u010dutljive koreninice, ki lahko hitro zgnijejo. Poskrbeti moramo, da je substrat zelo dobro odceden in zra\u010den. Po mojih opa\u017eanjih je namre\u010d ravno substrat tisti, ki povzro\u010da najve\u010d te\u017eav pri vzgoji hoj. Rastline, ki jih gojijo v ve\u010djih Evropskih gojilnicah so ponavadi posajene v kokosovo \u0161oto, ki pa sama po sebi ne omogo\u010da dobre odcednosti. Vrste, ki jih \u017ee ve\u010d generacij gojijo v tak\u0161nih pogojih so bolje prilagojene, zaradi \u010desar me ne presene\u010da, da nekateri nimajo te\u017eav. Po mojih izku\u0161njah se odli\u010dno obnese zelo zra\u010dna me\u0161anica lubja, vulkanskega plovca, kokosove \u0161ote in ostalih dodatkov, ki je na voljo tudi v spletni trgovini.<\/p>\t\t\t\t\t\t\t\t<\/div>\n\t\t\t\t<\/div>\n\t\t\t\t\t<\/div>\n\t\t<\/div>\n\t\t\t\t\t<\/div>\n\t\t<\/section>\n\t\t\t\t<section class=\"elementor-section elementor-top-section elementor-element elementor-element-13e1669 elementor-section-boxed elementor-section-height-default elementor-section-height-default\" data-id=\"13e1669\" data-element_type=\"section\" data-e-type=\"section\">\n\t\t\t\t\t\t<div class=\"elementor-container elementor-column-gap-default\">\n\t\t\t\t\t<div class=\"elementor-column elementor-col-100 elementor-top-column elementor-element elementor-element-c56c51f\" data-id=\"c56c51f\" data-element_type=\"column\" data-e-type=\"column\">\n\t\t\t<div class=\"elementor-widget-wrap elementor-element-populated\">\n\t\t\t\t\t\t<div class=\"elementor-element elementor-element-e00fb4f elementor-widget elementor-widget-heading\" data-id=\"e00fb4f\" data-element_type=\"widget\" data-e-type=\"widget\" data-widget_type=\"heading.default\">\n\t\t\t\t<div class=\"elementor-widget-container\">\n\t\t\t\t\t<h2 class=\"elementor-heading-title elementor-size-default\">Razmno\u017eevanje hoj<\/h2>\t\t\t\t<\/div>\n\t\t\t\t<\/div>\n\t\t\t\t\t<\/div>\n\t\t<\/div>\n\t\t\t\t\t<\/div>\n\t\t<\/section>\n\t\t\t\t<section class=\"elementor-section elementor-top-section elementor-element elementor-element-8afd51f elementor-section-boxed elementor-section-height-default elementor-section-height-default\" data-id=\"8afd51f\" data-element_type=\"section\" data-e-type=\"section\">\n\t\t\t\t\t\t<div class=\"elementor-container elementor-column-gap-default\">\n\t\t\t\t\t<div class=\"elementor-column elementor-col-100 elementor-top-column elementor-element elementor-element-a3229ef\" data-id=\"a3229ef\" data-element_type=\"column\" data-e-type=\"column\">\n\t\t\t<div class=\"elementor-widget-wrap elementor-element-populated\">\n\t\t\t\t\t\t<div class=\"elementor-element elementor-element-1317e3b elementor-widget elementor-widget-text-editor\" data-id=\"1317e3b\" data-element_type=\"widget\" data-e-type=\"widget\" data-widget_type=\"text-editor.default\">\n\t\t\t\t<div class=\"elementor-widget-container\">\n\t\t\t\t\t\t\t\t\t<p>Pri razmno\u017eevanju se lahko dobro obnese ve\u010d razli\u010dnih tehnik koreninjenja, jaz pa bom s tabo delila tisti na\u010din, ki ga sama najve\u010d uporabljam.\u00a0<\/p><p>Za rezanje potaknjencev so najbolj\u0161e zaklju\u010dene veje hoj. Starej\u0161i deli rastlin se bodo hitreje in bolje ukoreninili. Pazimo tudi na primeren razmak med vozli\u0161\u010di. Pri majhnih razmakih je manj prostora za napake pri rezanju in te\u017eje re\u0161ujemo \u010de pride do gnitja, zato je pri delih s strnjeno rastjo bolje odrezati ve\u010d vozli\u0161\u010d.<\/p><p>S sterilnimi \u0161karjami odre\u017eemo steblo pribli\u017eno pol centimetra nad spodnjimi listi. Ko se rez posu\u0161i, zapi\u010dimo potaknjenec v zelo zra\u010dno me\u0161anico substrata za hoye. Zalijemo in damo na toplo in vla\u017eno mesto, ki ima tudi dovolj svetlobe, nato pa potrpe\u017eljivo \u010dakamo na nove znake rasti. Koreninice nas lahko razveselijo \u017ee v roku enega tedna, na nove liste pa ponavadi \u010dakamo vsaj en mesec. Nekatere vrste nas lahko pustijo \u010dakati tudi ve\u010d mesecev, bo pa veselje ob novi rasti toliko ve\u010dje. Potaknjence je potrebno postopoma navaditi na sobne pogoje rasti. S postopkom aklimatizacije lahko pri\u010dnemo \u0161e preden so novi listki na poti, ali ko so novi listki \u017ee zaklju\u010deni. Ko so hoje pod stresom lahko zelo hitro odvr\u017eejo mlade in neutrjene listke, zato se je najbolje lotiti privajanja na sobne pogoje rasti takrat, ko ni novih listkov na poti.<\/p>\t\t\t\t\t\t\t\t<\/div>\n\t\t\t\t<\/div>\n\t\t\t\t\t<\/div>\n\t\t<\/div>\n\t\t\t\t\t<\/div>\n\t\t<\/section>\n\t\t\t\t<section class=\"elementor-section elementor-top-section elementor-element elementor-element-294ad9d elementor-section-boxed elementor-section-height-default elementor-section-height-default\" data-id=\"294ad9d\" data-element_type=\"section\" data-e-type=\"section\">\n\t\t\t\t\t\t<div class=\"elementor-container elementor-column-gap-default\">\n\t\t\t\t\t<div class=\"elementor-column elementor-col-100 elementor-top-column elementor-element elementor-element-f4c9dee\" data-id=\"f4c9dee\" data-element_type=\"column\" data-e-type=\"column\">\n\t\t\t<div class=\"elementor-widget-wrap elementor-element-populated\">\n\t\t\t\t\t\t<div class=\"elementor-element elementor-element-d7de6ff elementor-widget elementor-widget-text-editor\" data-id=\"d7de6ff\" data-element_type=\"widget\" data-e-type=\"widget\" data-widget_type=\"text-editor.default\">\n\t\t\t\t<div class=\"elementor-widget-container\">\n\t\t\t\t\t\t\t\t\t<p>Upam, da sem ti dobro predstavila osnove \u010darobnega sveta hoj in kako neizmerno veselje nam lahko prinesejo te raznolike tropske rastline. \u010ce \u017eeli\u0161 v svojo zbirko redkih rastlin dodati kak\u0161no lu\u0161tno hojo, pa obi\u0161\u010di na\u0161o spletno trgovino. Na voljo imamo pestro ponudbo hoj, od bolj pogostih in enostavnih vrst primernih za za\u010detnike, do redkej\u0161ih in bolj posebnih vrst, za tiste z dodelanimi zbirkami. Ponujamo tako potaknjence kot ukoreninjene rastlinice.<\/p>\t\t\t\t\t\t\t\t<\/div>\n\t\t\t\t<\/div>\n\t\t\t\t\t<\/div>\n\t\t<\/div>\n\t\t\t\t\t<\/div>\n\t\t<\/section>\n\t\t\t\t<section class=\"elementor-section elementor-top-section elementor-element elementor-element-ce522a1 elementor-section-boxed elementor-section-height-default elementor-section-height-default\" data-id=\"ce522a1\" data-element_type=\"section\" data-e-type=\"section\">\n\t\t\t\t\t\t<div class=\"elementor-container elementor-column-gap-default\">\n\t\t\t\t\t<div class=\"elementor-column elementor-col-100 elementor-top-column elementor-element elementor-element-677acb4\" data-id=\"677acb4\" data-element_type=\"column\" data-e-type=\"column\">\n\t\t\t<div class=\"elementor-widget-wrap elementor-element-populated\">\n\t\t\t\t\t\t<div class=\"elementor-element elementor-element-7fb0595 elementor-widget elementor-widget-heading\" data-id=\"7fb0595\" data-element_type=\"widget\" data-e-type=\"widget\" data-widget_type=\"heading.default\">\n\t\t\t\t<div class=\"elementor-widget-container\">\n\t\t\t\t\t<h2 class=\"elementor-heading-title elementor-size-default\">Pridru\u017eite se spremljanju na\u0161e zgodbe ali obi\u0161\u010dite spletno trgovino!<\/h2>\t\t\t\t<\/div>\n\t\t\t\t<\/div>\n\t\t\t\t\t<\/div>\n\t\t<\/div>\n\t\t\t\t\t<\/div>\n\t\t<\/section>\n\t\t\t\t<section class=\"elementor-section elementor-top-section elementor-element elementor-element-3a004e6 elementor-section-boxed elementor-section-height-default elementor-section-height-default\" data-id=\"3a004e6\" data-element_type=\"section\" data-e-type=\"section\">\n\t\t\t\t\t\t<div class=\"elementor-container elementor-column-gap-default\">\n\t\t\t\t\t<div class=\"elementor-column elementor-col-50 elementor-top-column elementor-element elementor-element-bd56b50\" data-id=\"bd56b50\" data-element_type=\"column\" data-e-type=\"column\">\n\t\t\t<div class=\"elementor-widget-wrap elementor-element-populated\">\n\t\t\t\t\t\t<div class=\"elementor-element elementor-element-8c28ebd elementor-align-right elementor-mobile-align-center elementor-widget elementor-widget-button\" data-id=\"8c28ebd\" data-element_type=\"widget\" data-e-type=\"widget\" data-widget_type=\"button.default\">\n\t\t\t\t<div class=\"elementor-widget-container\">\n\t\t\t\t\t\t\t\t\t<div class=\"elementor-button-wrapper\">\n\t\t\t\t\t<a class=\"elementor-button elementor-button-link elementor-size-sm\" href=\"https:\/\/www.skayanatropicals.com\/en\/narocilo-na-novice\/\">\n\t\t\t\t\t\t<span class=\"elementor-button-content-wrapper\">\n\t\t\t\t\t\t\t\t\t<span class=\"elementor-button-text\">Novice<\/span>\n\t\t\t\t\t<\/span>\n\t\t\t\t\t<\/a>\n\t\t\t\t<\/div>\n\t\t\t\t\t\t\t\t<\/div>\n\t\t\t\t<\/div>\n\t\t\t\t\t<\/div>\n\t\t<\/div>\n\t\t\t\t<div class=\"elementor-column elementor-col-50 elementor-top-column elementor-element elementor-element-cd88dd0\" data-id=\"cd88dd0\" data-element_type=\"column\" data-e-type=\"column\">\n\t\t\t<div class=\"elementor-widget-wrap elementor-element-populated\">\n\t\t\t\t\t\t<div class=\"elementor-element elementor-element-4090736 elementor-mobile-align-center elementor-widget elementor-widget-button\" data-id=\"4090736\" data-element_type=\"widget\" data-e-type=\"widget\" data-widget_type=\"button.default\">\n\t\t\t\t<div class=\"elementor-widget-container\">\n\t\t\t\t\t\t\t\t\t<div class=\"elementor-button-wrapper\">\n\t\t\t\t\t<a class=\"elementor-button elementor-button-link elementor-size-sm\" href=\"https:\/\/www.skayanatropicals.com\/en\/product-category\/hoya\/\">\n\t\t\t\t\t\t<span class=\"elementor-button-content-wrapper\">\n\t\t\t\t\t\t\t\t\t<span class=\"elementor-button-text\">SHOP<\/span>\n\t\t\t\t\t<\/span>\n\t\t\t\t\t<\/a>\n\t\t\t\t<\/div>\n\t\t\t\t\t\t\t\t<\/div>\n\t\t\t\t<\/div>\n\t\t\t\t\t<\/div>\n\t\t<\/div>\n\t\t\t\t\t<\/div>\n\t\t<\/section>\n\t\t\t\t<\/div>","protected":false},"excerpt":{"rendered":"<p>\u010carobni svet hoj Najverjetneje se je vsak \u017ee sre\u010dal s klasi\u010dnimi vrstami hoj, ki so na\u0161im babicam kot sobne rastline krasile notranje prostore. Nekaterim so bolj znane pod imenom vo\u0161\u010denke, ki izhaja iz voskastega izcedka iz cvetov. So rastline, ki so pogosto pozabljene med rastlinoljubci, saj lahko v primerjavi z ostalimi pompoznimi redkimi tropskimi rastlinami [&hellip;]<\/p>\n","protected":false},"author":1,"featured_media":0,"parent":0,"menu_order":0,"comment_status":"closed","ping_status":"closed","template":"","meta":{"site-sidebar-layout":"no-sidebar","site-content-layout":"page-builder","ast-site-content-layout":"default","site-content-style":"default","site-sidebar-style":"default","ast-global-header-display":"","ast-banner-title-visibility":"","ast-main-header-display":"","ast-hfb-above-header-display":"","ast-hfb-below-header-display":"","ast-hfb-mobile-header-display":"","site-post-title":"disabled","ast-breadcrumbs-content":"","ast-featured-img":"disabled","footer-sml-layout":"","ast-disable-related-posts":"","theme-transparent-header-meta":"default","adv-header-id-meta":"","stick-header-meta":"","header-above-stick-meta":"","header-main-stick-meta":"","header-below-stick-meta":"","astra-migrate-meta-layouts":"default","ast-page-background-enabled":"default","ast-page-background-meta":{"desktop":{"background-color":"","background-image":"","background-repeat":"repeat","background-position":"center center","background-size":"auto","background-attachment":"scroll","background-type":"","background-media":"","overlay-type":"","overlay-color":"","overlay-opacity":"","overlay-gradient":""},"tablet":{"background-color":"","background-image":"","background-repeat":"repeat","background-position":"center center","background-size":"auto","background-attachment":"scroll","background-type":"","background-media":"","overlay-type":"","overlay-color":"","overlay-opacity":"","overlay-gradient":""},"mobile":{"background-color":"","background-image":"","background-repeat":"repeat","background-position":"center center","background-size":"auto","background-attachment":"scroll","background-type":"","background-media":"","overlay-type":"","overlay-color":"","overlay-opacity":"","overlay-gradient":""}},"ast-content-background-meta":{"desktop":{"background-color":"var(--ast-global-color-5)","background-image":"","background-repeat":"repeat","background-position":"center center","background-size":"auto","background-attachment":"scroll","background-type":"","background-media":"","overlay-type":"","overlay-color":"","overlay-opacity":"","overlay-gradient":""},"tablet":{"background-color":"var(--ast-global-color-5)","background-image":"","background-repeat":"repeat","background-position":"center center","background-size":"auto","background-attachment":"scroll","background-type":"","background-media":"","overlay-type":"","overlay-color":"","overlay-opacity":"","overlay-gradient":""},"mobile":{"background-color":"var(--ast-global-color-5)","background-image":"","background-repeat":"repeat","background-position":"center center","background-size":"auto","background-attachment":"scroll","background-type":"","background-media":"","overlay-type":"","overlay-color":"","overlay-opacity":"","overlay-gradient":""}},"footnotes":""},"class_list":["post-4423","page","type-page","status-publish","hentry"],"_links":{"self":[{"href":"https:\/\/www.skayanatropicals.com\/en\/wp-json\/wp\/v2\/pages\/4423","targetHints":{"allow":["GET"]}}],"collection":[{"href":"https:\/\/www.skayanatropicals.com\/en\/wp-json\/wp\/v2\/pages"}],"about":[{"href":"https:\/\/www.skayanatropicals.com\/en\/wp-json\/wp\/v2\/types\/page"}],"author":[{"embeddable":true,"href":"https:\/\/www.skayanatropicals.com\/en\/wp-json\/wp\/v2\/users\/1"}],"replies":[{"embeddable":true,"href":"https:\/\/www.skayanatropicals.com\/en\/wp-json\/wp\/v2\/comments?post=4423"}],"version-history":[{"count":59,"href":"https:\/\/www.skayanatropicals.com\/en\/wp-json\/wp\/v2\/pages\/4423\/revisions"}],"predecessor-version":[{"id":5002,"href":"https:\/\/www.skayanatropicals.com\/en\/wp-json\/wp\/v2\/pages\/4423\/revisions\/5002"}],"wp:attachment":[{"href":"https:\/\/www.skayanatropicals.com\/en\/wp-json\/wp\/v2\/media?parent=4423"}],"curies":[{"name":"wp","href":"https:\/\/api.w.org\/{rel}","templated":true}]}}