{"id":18668,"date":"2025-02-19T10:16:26","date_gmt":"2025-02-19T09:16:26","guid":{"rendered":"https:\/\/www.skayanatropicals.com\/?post_type=product&#038;p=18668"},"modified":"2025-08-10T18:07:37","modified_gmt":"2025-08-10T16:07:37","slug":"hoya-mini-noid-sp-papua-02-potaknjenec","status":"publish","type":"product","link":"https:\/\/www.skayanatropicals.com\/en\/product\/hoya-mini-noid-sp-papua-02-potaknjenec\/","title":{"rendered":"Hoya mini NOID sp. Papua 02 \u2013 cutting"},"content":{"rendered":"<p>Hoya mini NOID sp. Papua 02 je redka in skrivnostna hoya, ki prihaja iz Papue. Odlikujejo jo majhni in okrogli listi posejani z drobnimi dla\u010dicami.<\/p>\n<p>Kot ve\u010dina hoy uspeva v zra\u010dnem, dobro odcednem substratu in svetli posredni svetlobi. Ta hoya ni izrazita plezalka, zelo lepo raste tudi kot vise\u010da rastlina in se rada ovija na kar ji pride pod vitice. Ima kompakten na\u010din rasti, zaradi \u010desar je odli\u010dna izbira za ljubitelje hoy, ki imajo manj prostora, a si \u017eelijo nekaj posebnega v svoji zbirki.<\/p>\n<p>Ob ustrezni negi lahko razvije simpati\u010dne bele cvetove. Njena unikatnost jo naredi zelo za\u017eeleno tako med za\u010detniki kot izku\u0161enimi zbiratelji.<\/p>\n<p>&#8220;Hoya mini NOID sp. Papua 02&#8221; je ime, pod katerim sem jo uvozila, in ga nisem spreminjala. Imena Hoy so lahko precej zapletena \u2013 \u0161e posebej, kadar imajo \u0161tevilko, saj se to obi\u010dajno nana\u0161a na to\u010dno dolo\u010den klon. Ker nisem botanik in nimam poglobljenega znanja o identifikaciji Hoy, bom uporabljala to ime \u0161e naprej. Zelo je podobna Hoyi IM-08, vendar se pri neposredni primerjavi opazi majhna razlika v listih.<\/p>","protected":false},"excerpt":{"rendered":"<p>In offer is cutting with two nodes.<\/p>","protected":false},"featured_media":18628,"template":"","meta":{"site-sidebar-layout":"default","site-content-layout":"","ast-site-content-layout":"default","site-content-style":"default","site-sidebar-style":"default","ast-global-header-display":"","ast-banner-title-visibility":"","ast-main-header-display":"","ast-hfb-above-header-display":"","ast-hfb-below-header-display":"","ast-hfb-mobile-header-display":"","site-post-title":"","ast-breadcrumbs-content":"","ast-featured-img":"","footer-sml-layout":"","ast-disable-related-posts":"","theme-transparent-header-meta":"default","adv-header-id-meta":"","stick-header-meta":"","header-above-stick-meta":"","header-main-stick-meta":"","header-below-stick-meta":"","astra-migrate-meta-layouts":"set","ast-page-background-enabled":"default","ast-page-background-meta":{"desktop":{"background-color":"","background-image":"","background-repeat":"repeat","background-position":"center center","background-size":"auto","background-attachment":"scroll","background-type":"","background-media":"","overlay-type":"","overlay-color":"","overlay-opacity":"","overlay-gradient":""},"tablet":{"background-color":"","background-image":"","background-repeat":"repeat","background-position":"center center","background-size":"auto","background-attachment":"scroll","background-type":"","background-media":"","overlay-type":"","overlay-color":"","overlay-opacity":"","overlay-gradient":""},"mobile":{"background-color":"","background-image":"","background-repeat":"repeat","background-position":"center center","background-size":"auto","background-attachment":"scroll","background-type":"","background-media":"","overlay-type":"","overlay-color":"","overlay-opacity":"","overlay-gradient":""}},"ast-content-background-meta":{"desktop":{"background-color":"var(--ast-global-color-5)","background-image":"","background-repeat":"repeat","background-position":"center center","background-size":"auto","background-attachment":"scroll","background-type":"","background-media":"","overlay-type":"","overlay-color":"","overlay-opacity":"","overlay-gradient":""},"tablet":{"background-color":"var(--ast-global-color-5)","background-image":"","background-repeat":"repeat","background-position":"center center","background-size":"auto","background-attachment":"scroll","background-type":"","background-media":"","overlay-type":"","overlay-color":"","overlay-opacity":"","overlay-gradient":""},"mobile":{"background-color":"var(--ast-global-color-5)","background-image":"","background-repeat":"repeat","background-position":"center center","background-size":"auto","background-attachment":"scroll","background-type":"","background-media":"","overlay-type":"","overlay-color":"","overlay-opacity":"","overlay-gradient":""}}},"product_brand":[],"product_cat":[88,99],"product_tag":[],"class_list":{"0":"post-18668","1":"product","2":"type-product","3":"status-publish","4":"has-post-thumbnail","6":"product_cat-hoya","7":"product_cat-potaknjenci","8":"desktop-align-left","9":"tablet-align-left","10":"mobile-align-left","12":"first","13":"outofstock","14":"shipping-taxable","15":"purchasable","16":"product-type-simple"},"_links":{"self":[{"href":"https:\/\/www.skayanatropicals.com\/en\/wp-json\/wp\/v2\/product\/18668","targetHints":{"allow":["GET"]}}],"collection":[{"href":"https:\/\/www.skayanatropicals.com\/en\/wp-json\/wp\/v2\/product"}],"about":[{"href":"https:\/\/www.skayanatropicals.com\/en\/wp-json\/wp\/v2\/types\/product"}],"wp:featuredmedia":[{"embeddable":true,"href":"https:\/\/www.skayanatropicals.com\/en\/wp-json\/wp\/v2\/media\/18628"}],"wp:attachment":[{"href":"https:\/\/www.skayanatropicals.com\/en\/wp-json\/wp\/v2\/media?parent=18668"}],"wp:term":[{"taxonomy":"product_brand","embeddable":true,"href":"https:\/\/www.skayanatropicals.com\/en\/wp-json\/wp\/v2\/product_brand?post=18668"},{"taxonomy":"product_cat","embeddable":true,"href":"https:\/\/www.skayanatropicals.com\/en\/wp-json\/wp\/v2\/product_cat?post=18668"},{"taxonomy":"product_tag","embeddable":true,"href":"https:\/\/www.skayanatropicals.com\/en\/wp-json\/wp\/v2\/product_tag?post=18668"}],"curies":[{"name":"wp","href":"https:\/\/api.w.org\/{rel}","templated":true}]}}