{"id":18672,"date":"2025-02-19T10:16:15","date_gmt":"2025-02-19T09:16:15","guid":{"rendered":"https:\/\/www.skayanatropicals.com\/?post_type=product&#038;p=18672"},"modified":"2026-02-27T11:21:02","modified_gmt":"2026-02-27T10:21:02","slug":"hoya-sp-germany-potaknjenec","status":"publish","type":"product","link":"https:\/\/www.skayanatropicals.com\/en\/product\/hoya-sp-germany-potaknjenec\/","title":{"rendered":"Hoya sp. Germany \u2013 cutting"},"content":{"rendered":"<p data-start=\"28\" data-end=\"270\">Hoya sp. Germany je edinstvena in redka hoya, ki jo zbiratelji cenijo zaradi njenih mesnatih, rahlo podolgovatih listov. Ti listi so svetlo zeleni z zna\u010dilnim vzorcem.<\/p>\n<p data-start=\"272\" data-end=\"613\">Najbolje uspeva v dobro odcednem substratu, ki omogo\u010da hitro su\u0161enje korenin med zalivanji, in pri svetli posredni svetlobi.<\/p>\n<p data-start=\"615\" data-end=\"802\">Njena hitra rast in prilagodljivost jo naredita odli\u010dno izbiro za za\u010detnike in izku\u0161ene zbiratelje.<\/p>\n<p data-start=\"804\" data-end=\"975\">Hoya sp. Germany je popoln dodatek vsaki zbirki \u2013 njeni privla\u010dni listi in enostavna nega zagotavljajo, da bo hitro postala ena izmed najljub\u0161ih rastlin v va\u0161em domu!<\/p>","protected":false},"excerpt":{"rendered":"<p>Unrooted cutting with 1 node (1-2 leaves).<\/p>","protected":false},"featured_media":18621,"template":"","meta":{"site-sidebar-layout":"default","site-content-layout":"default","ast-site-content-layout":"default","site-content-style":"default","site-sidebar-style":"default","ast-global-header-display":"","ast-banner-title-visibility":"","ast-main-header-display":"","ast-hfb-above-header-display":"","ast-hfb-below-header-display":"","ast-hfb-mobile-header-display":"","site-post-title":"","ast-breadcrumbs-content":"","ast-featured-img":"","footer-sml-layout":"","ast-disable-related-posts":"","theme-transparent-header-meta":"default","adv-header-id-meta":"","stick-header-meta":"","header-above-stick-meta":"","header-main-stick-meta":"","header-below-stick-meta":"","astra-migrate-meta-layouts":"set","ast-page-background-enabled":"default","ast-page-background-meta":{"desktop":{"background-color":"","background-image":"","background-repeat":"repeat","background-position":"center center","background-size":"auto","background-attachment":"scroll","background-type":"","background-media":"","overlay-type":"","overlay-color":"","overlay-opacity":"","overlay-gradient":""},"tablet":{"background-color":"","background-image":"","background-repeat":"repeat","background-position":"center center","background-size":"auto","background-attachment":"scroll","background-type":"","background-media":"","overlay-type":"","overlay-color":"","overlay-opacity":"","overlay-gradient":""},"mobile":{"background-color":"","background-image":"","background-repeat":"repeat","background-position":"center center","background-size":"auto","background-attachment":"scroll","background-type":"","background-media":"","overlay-type":"","overlay-color":"","overlay-opacity":"","overlay-gradient":""}},"ast-content-background-meta":{"desktop":{"background-color":"var(--ast-global-color-5)","background-image":"","background-repeat":"repeat","background-position":"center center","background-size":"auto","background-attachment":"scroll","background-type":"","background-media":"","overlay-type":"","overlay-color":"","overlay-opacity":"","overlay-gradient":""},"tablet":{"background-color":"var(--ast-global-color-5)","background-image":"","background-repeat":"repeat","background-position":"center center","background-size":"auto","background-attachment":"scroll","background-type":"","background-media":"","overlay-type":"","overlay-color":"","overlay-opacity":"","overlay-gradient":""},"mobile":{"background-color":"var(--ast-global-color-5)","background-image":"","background-repeat":"repeat","background-position":"center center","background-size":"auto","background-attachment":"scroll","background-type":"","background-media":"","overlay-type":"","overlay-color":"","overlay-opacity":"","overlay-gradient":""}}},"product_brand":[],"product_cat":[88,99],"product_tag":[],"class_list":{"0":"post-18672","1":"product","2":"type-product","3":"status-publish","4":"has-post-thumbnail","6":"product_cat-hoya","7":"product_cat-potaknjenci","8":"desktop-align-left","9":"tablet-align-left","10":"mobile-align-left","12":"first","13":"instock","14":"shipping-taxable","15":"purchasable","16":"product-type-simple"},"_links":{"self":[{"href":"https:\/\/www.skayanatropicals.com\/en\/wp-json\/wp\/v2\/product\/18672","targetHints":{"allow":["GET"]}}],"collection":[{"href":"https:\/\/www.skayanatropicals.com\/en\/wp-json\/wp\/v2\/product"}],"about":[{"href":"https:\/\/www.skayanatropicals.com\/en\/wp-json\/wp\/v2\/types\/product"}],"wp:featuredmedia":[{"embeddable":true,"href":"https:\/\/www.skayanatropicals.com\/en\/wp-json\/wp\/v2\/media\/18621"}],"wp:attachment":[{"href":"https:\/\/www.skayanatropicals.com\/en\/wp-json\/wp\/v2\/media?parent=18672"}],"wp:term":[{"taxonomy":"product_brand","embeddable":true,"href":"https:\/\/www.skayanatropicals.com\/en\/wp-json\/wp\/v2\/product_brand?post=18672"},{"taxonomy":"product_cat","embeddable":true,"href":"https:\/\/www.skayanatropicals.com\/en\/wp-json\/wp\/v2\/product_cat?post=18672"},{"taxonomy":"product_tag","embeddable":true,"href":"https:\/\/www.skayanatropicals.com\/en\/wp-json\/wp\/v2\/product_tag?post=18672"}],"curies":[{"name":"wp","href":"https:\/\/api.w.org\/{rel}","templated":true}]}}