{"id":18797,"date":"2025-02-19T10:15:28","date_gmt":"2025-02-19T09:15:28","guid":{"rendered":"https:\/\/www.skayanatropicals.com\/?post_type=product&#038;p=18797"},"modified":"2026-03-12T16:40:23","modified_gmt":"2026-03-12T15:40:23","slug":"hoya-lacunosa-variegated-potaknjenec","status":"publish","type":"product","link":"https:\/\/www.skayanatropicals.com\/en\/product\/hoya-lacunosa-variegated-potaknjenec\/","title":{"rendered":"Hoya lacunosa (variegated) \u2013 cutting"},"content":{"rendered":"<p data-start=\"0\" data-end=\"297\">\u010cudovita pisana razli\u010dica klasi\u010dne <em data-start=\"69\" data-end=\"84\">Hoye lacunosa<\/em>, ki je znana po svojih drobnih, podolgovatih listih in prijetno di\u0161e\u010dih cvetovih. Pisani listi te sorte so prava pa\u0161a za o\u010di, saj se na njih prepletajo odtenki zelene in rumene barve.<\/p>\n<p data-start=\"299\" data-end=\"573\">Kot vse <em data-start=\"307\" data-end=\"317\">lacunose<\/em> je tudi ta sorta nezahtevna in primerna za za\u010detnike. Dobro uspeva v zra\u010dnem, dobro odcednem substratu in svetli posredni svetlobi. Redno, a zmerno zalivanje bo pomagalo ohraniti zdravo rast, saj ne mara dolgotrajne vla\u017enosti v koreninah. Pisana obarvanost listov se najlep\u0161e ohranja pri dovolj svetlobe, vendar pretirano son\u010denje lahko povzro\u010di o\u017eige.<\/p>\n<p data-start=\"575\" data-end=\"768\">Njena kompaktna in rahlo vise\u010da rast jo naredi idealno za vise\u010de lonce, a jo lahko vodite tudi po opori. Ob ustrezni negi razvije zna\u010dilne bele cvetove, ki oddajajo prijeten vonj.<\/p>\n<p data-start=\"770\" data-end=\"867\" data-is-last-node=\"\" data-is-only-node=\"\">Popolna izbira za ljubitelje hoy, ki si \u017eelijo nekaj posebnega in elegantnega v svoji zbirki!<\/p>","protected":false},"excerpt":{"rendered":"<p>In offer is cutting with two nodes.<\/p>","protected":false},"featured_media":18764,"template":"","meta":{"site-sidebar-layout":"default","site-content-layout":"","ast-site-content-layout":"default","site-content-style":"default","site-sidebar-style":"default","ast-global-header-display":"","ast-banner-title-visibility":"","ast-main-header-display":"","ast-hfb-above-header-display":"","ast-hfb-below-header-display":"","ast-hfb-mobile-header-display":"","site-post-title":"","ast-breadcrumbs-content":"","ast-featured-img":"","footer-sml-layout":"","ast-disable-related-posts":"","theme-transparent-header-meta":"default","adv-header-id-meta":"","stick-header-meta":"","header-above-stick-meta":"","header-main-stick-meta":"","header-below-stick-meta":"","astra-migrate-meta-layouts":"set","ast-page-background-enabled":"default","ast-page-background-meta":{"desktop":{"background-color":"","background-image":"","background-repeat":"repeat","background-position":"center center","background-size":"auto","background-attachment":"scroll","background-type":"","background-media":"","overlay-type":"","overlay-color":"","overlay-opacity":"","overlay-gradient":""},"tablet":{"background-color":"","background-image":"","background-repeat":"repeat","background-position":"center center","background-size":"auto","background-attachment":"scroll","background-type":"","background-media":"","overlay-type":"","overlay-color":"","overlay-opacity":"","overlay-gradient":""},"mobile":{"background-color":"","background-image":"","background-repeat":"repeat","background-position":"center center","background-size":"auto","background-attachment":"scroll","background-type":"","background-media":"","overlay-type":"","overlay-color":"","overlay-opacity":"","overlay-gradient":""}},"ast-content-background-meta":{"desktop":{"background-color":"var(--ast-global-color-5)","background-image":"","background-repeat":"repeat","background-position":"center center","background-size":"auto","background-attachment":"scroll","background-type":"","background-media":"","overlay-type":"","overlay-color":"","overlay-opacity":"","overlay-gradient":""},"tablet":{"background-color":"var(--ast-global-color-5)","background-image":"","background-repeat":"repeat","background-position":"center center","background-size":"auto","background-attachment":"scroll","background-type":"","background-media":"","overlay-type":"","overlay-color":"","overlay-opacity":"","overlay-gradient":""},"mobile":{"background-color":"var(--ast-global-color-5)","background-image":"","background-repeat":"repeat","background-position":"center center","background-size":"auto","background-attachment":"scroll","background-type":"","background-media":"","overlay-type":"","overlay-color":"","overlay-opacity":"","overlay-gradient":""}}},"product_brand":[],"product_cat":[88,99],"product_tag":[],"class_list":{"0":"post-18797","1":"product","2":"type-product","3":"status-publish","4":"has-post-thumbnail","6":"product_cat-hoya","7":"product_cat-potaknjenci","8":"desktop-align-left","9":"tablet-align-left","10":"mobile-align-left","12":"first","13":"instock","14":"shipping-taxable","15":"purchasable","16":"product-type-simple"},"_links":{"self":[{"href":"https:\/\/www.skayanatropicals.com\/en\/wp-json\/wp\/v2\/product\/18797","targetHints":{"allow":["GET"]}}],"collection":[{"href":"https:\/\/www.skayanatropicals.com\/en\/wp-json\/wp\/v2\/product"}],"about":[{"href":"https:\/\/www.skayanatropicals.com\/en\/wp-json\/wp\/v2\/types\/product"}],"wp:featuredmedia":[{"embeddable":true,"href":"https:\/\/www.skayanatropicals.com\/en\/wp-json\/wp\/v2\/media\/18764"}],"wp:attachment":[{"href":"https:\/\/www.skayanatropicals.com\/en\/wp-json\/wp\/v2\/media?parent=18797"}],"wp:term":[{"taxonomy":"product_brand","embeddable":true,"href":"https:\/\/www.skayanatropicals.com\/en\/wp-json\/wp\/v2\/product_brand?post=18797"},{"taxonomy":"product_cat","embeddable":true,"href":"https:\/\/www.skayanatropicals.com\/en\/wp-json\/wp\/v2\/product_cat?post=18797"},{"taxonomy":"product_tag","embeddable":true,"href":"https:\/\/www.skayanatropicals.com\/en\/wp-json\/wp\/v2\/product_tag?post=18797"}],"curies":[{"name":"wp","href":"https:\/\/api.w.org\/{rel}","templated":true}]}}