{"id":5334,"date":"2022-03-01T18:32:00","date_gmt":"2022-03-01T17:32:00","guid":{"rendered":"https:\/\/www.skayanatropicals.com\/?post_type=product&#038;p=5334"},"modified":"2025-02-21T08:52:32","modified_gmt":"2025-02-21T07:52:32","slug":"sadilni-loncek-6-cm","status":"publish","type":"product","link":"https:\/\/www.skayanatropicals.com\/en\/product\/sadilni-loncek-6-cm\/","title":{"rendered":"Plant pot 6 cm"},"content":{"rendered":"<p>Na\u0161i <strong data-start=\"76\" data-end=\"102\">prozorni sadilni lonci<\/strong> so izjemno prakti\u010dna izbira za vse ljubitelje rastlin, saj omogo\u010dajo <strong data-start=\"172\" data-end=\"212\">neposredno spremljanje rasti korenin<\/strong>. Tako lahko hitro opazite morebitne te\u017eave, kot so <strong data-start=\"264\" data-end=\"326\">gnitje korenin, zastajanje vode ali prisotnost \u0161kodljivcev<\/strong>, in pravo\u010dasno ukrepate.<\/p>\n<p>Izdelani so iz <strong data-start=\"370\" data-end=\"416\">trpe\u017enega, lahkega in prozornega materiala<\/strong>, ki zagotavlja dolgotrajno uporabo in enostavno rokovanje. Zaradi <strong data-start=\"483\" data-end=\"502\">odli\u010dne drena\u017ee<\/strong> so \u0161e posebej primerni za Hoye in druge epifitske rastline, ki potrebujejo <strong data-start=\"578\" data-end=\"622\">zra\u010den substrat in hitro su\u0161enje korenin<\/strong>.<\/p>\n<p data-start=\"627\" data-end=\"673\"><strong data-start=\"631\" data-end=\"671\">Prednosti prozornih sadilnih loncev:<\/strong><\/p>\n<p>\u2714 <strong data-start=\"676\" data-end=\"705\">Spremljanje rasti korenin<\/strong> \u2013 hitro opazite te\u017eave in zagotovite optimalno nego<br data-start=\"757\" data-end=\"760\" \/>\u2714 <strong data-start=\"762\" data-end=\"781\">Excellent drainage<\/strong> \u2013 prepre\u010duje zastajanje vode in izbolj\u0161uje zdravje rastlin<br data-start=\"840\" data-end=\"843\" \/>\u2714 <strong data-start=\"845\" data-end=\"874\">Trpe\u017een in lahek material<\/strong> \u2013 dolga \u017eivljenjska doba in enostavno rokovanje<br data-start=\"922\" data-end=\"925\" \/>\u2714 <strong data-start=\"927\" data-end=\"963\">Idealni za Hoye in druge epifite<\/strong> \u2013 omogo\u010dajo bolj\u0161i nadzor nad zalivanjem<\/p>\n<p>\u010ce \u017eelite svojim rastlinam zagotoviti <strong data-start=\"1046\" data-end=\"1074\">najbolj\u0161e pogoje za rast<\/strong>, hkrati pa imeti popoln nadzor nad stanjem korenin, so <strong data-start=\"1130\" data-end=\"1173\" data-is-last-node=\"\">prozorni sadilni lonci idealna re\u0161itev!<\/strong><\/p>","protected":false},"excerpt":{"rendered":"<p>\u010ce \u017eelite svojim rastlinam zagotoviti najbolj\u0161e pogoje za rast, hkrati pa imeti popoln nadzor nad stanjem korenin, so prozorni sadilni lonci idealna re\u0161itev!<\/p>","protected":false},"featured_media":7146,"template":"","meta":{"site-sidebar-layout":"default","site-content-layout":"default","ast-site-content-layout":"default","site-content-style":"default","site-sidebar-style":"default","ast-global-header-display":"","ast-banner-title-visibility":"","ast-main-header-display":"","ast-hfb-above-header-display":"","ast-hfb-below-header-display":"","ast-hfb-mobile-header-display":"","site-post-title":"","ast-breadcrumbs-content":"","ast-featured-img":"","footer-sml-layout":"","ast-disable-related-posts":"","theme-transparent-header-meta":"default","adv-header-id-meta":"","stick-header-meta":"","header-above-stick-meta":"","header-main-stick-meta":"","header-below-stick-meta":"","astra-migrate-meta-layouts":"set","ast-page-background-enabled":"default","ast-page-background-meta":{"desktop":{"background-color":"","background-image":"","background-repeat":"repeat","background-position":"center center","background-size":"auto","background-attachment":"scroll","background-type":"","background-media":"","overlay-type":"","overlay-color":"","overlay-opacity":"","overlay-gradient":""},"tablet":{"background-color":"","background-image":"","background-repeat":"repeat","background-position":"center center","background-size":"auto","background-attachment":"scroll","background-type":"","background-media":"","overlay-type":"","overlay-color":"","overlay-opacity":"","overlay-gradient":""},"mobile":{"background-color":"","background-image":"","background-repeat":"repeat","background-position":"center center","background-size":"auto","background-attachment":"scroll","background-type":"","background-media":"","overlay-type":"","overlay-color":"","overlay-opacity":"","overlay-gradient":""}},"ast-content-background-meta":{"desktop":{"background-color":"var(--ast-global-color-5)","background-image":"","background-repeat":"repeat","background-position":"center center","background-size":"auto","background-attachment":"scroll","background-type":"","background-media":"","overlay-type":"","overlay-color":"","overlay-opacity":"","overlay-gradient":""},"tablet":{"background-color":"var(--ast-global-color-5)","background-image":"","background-repeat":"repeat","background-position":"center center","background-size":"auto","background-attachment":"scroll","background-type":"","background-media":"","overlay-type":"","overlay-color":"","overlay-opacity":"","overlay-gradient":""},"mobile":{"background-color":"var(--ast-global-color-5)","background-image":"","background-repeat":"repeat","background-position":"center center","background-size":"auto","background-attachment":"scroll","background-type":"","background-media":"","overlay-type":"","overlay-color":"","overlay-opacity":"","overlay-gradient":""}}},"product_brand":[],"product_cat":[97],"product_tag":[],"class_list":{"0":"post-5334","1":"product","2":"type-product","3":"status-publish","4":"has-post-thumbnail","6":"product_cat-substrati-in-oprema","7":"desktop-align-left","8":"tablet-align-left","9":"mobile-align-left","11":"first","12":"instock","13":"shipping-taxable","14":"purchasable","15":"product-type-variable"},"_links":{"self":[{"href":"https:\/\/www.skayanatropicals.com\/en\/wp-json\/wp\/v2\/product\/5334","targetHints":{"allow":["GET"]}}],"collection":[{"href":"https:\/\/www.skayanatropicals.com\/en\/wp-json\/wp\/v2\/product"}],"about":[{"href":"https:\/\/www.skayanatropicals.com\/en\/wp-json\/wp\/v2\/types\/product"}],"wp:featuredmedia":[{"embeddable":true,"href":"https:\/\/www.skayanatropicals.com\/en\/wp-json\/wp\/v2\/media\/7146"}],"wp:attachment":[{"href":"https:\/\/www.skayanatropicals.com\/en\/wp-json\/wp\/v2\/media?parent=5334"}],"wp:term":[{"taxonomy":"product_brand","embeddable":true,"href":"https:\/\/www.skayanatropicals.com\/en\/wp-json\/wp\/v2\/product_brand?post=5334"},{"taxonomy":"product_cat","embeddable":true,"href":"https:\/\/www.skayanatropicals.com\/en\/wp-json\/wp\/v2\/product_cat?post=5334"},{"taxonomy":"product_tag","embeddable":true,"href":"https:\/\/www.skayanatropicals.com\/en\/wp-json\/wp\/v2\/product_tag?post=5334"}],"curies":[{"name":"wp","href":"https:\/\/api.w.org\/{rel}","templated":true}]}}