{"id":7209,"date":"2023-10-06T15:57:11","date_gmt":"2023-10-06T13:57:11","guid":{"rendered":"https:\/\/www.skayanatropicals.com\/?post_type=product&#038;p=7209"},"modified":"2025-10-19T09:32:06","modified_gmt":"2025-10-19T07:32:06","slug":"sansi-36w-zarnica-za-rast","status":"publish","type":"product","link":"https:\/\/www.skayanatropicals.com\/en\/product\/sansi-36w-zarnica-za-rast\/","title":{"rendered":"Sansi 36W \u2013 Grow light"},"content":{"rendered":"<p><strong>Sansi \u017earnice za rast<\/strong> so znane po svoji kakovosti, dolgi \u017eivljenjski dobi in odli\u010dnih rezultatih pri vzgoji rastlin. Zahvaljujo\u010d napredni LED tehnologiji zagotavljajo mo\u010dno in enakomerno osvetlitev, ki spodbuja zdravo rast in razvoj rastlin. Z E27 navojem omogo\u010dajo preprosto namestitev v katero koli standardno svetilko, kar pomeni, da jih lahko zlahka vklju\u010dite v svoj prostor. So energetsko u\u010dinkovite in so odli\u010dna izbira tako za za\u010detnike kot za izku\u0161ene ljubitelje rastlin.<\/p>\n<p data-start=\"509\" data-end=\"561\"><strong data-start=\"513\" data-end=\"559\">Sansi 36W \u2013 mo\u010dna osvetlitev za bujno rast<\/strong><\/p>\n<p data-start=\"563\" data-end=\"838\">Ta \u017earnica je odli\u010dna izbira za rastline, ki potrebujejo veliko svetlobe, kot so Hoye, tropske rastline, sukulente ali sadike. Njena mo\u010d omogo\u010da osvetlitev ve\u010dje povr\u0161ine.<\/p>\n<p data-start=\"840\" data-end=\"869\"><strong data-start=\"844\" data-end=\"867\">Tehni\u010dne lastnosti:<\/strong><\/p>\n<p data-start=\"870\" data-end=\"1100\">\u2714 <strong data-start=\"872\" data-end=\"904\">Vhodna napetost \/ frekvenca:<\/strong> 220-240V~, 50\/60Hz<br data-start=\"923\" data-end=\"926\" \/>\u2714 <strong data-start=\"928\" data-end=\"944\">Nazivna mo\u010d:<\/strong> 36W<br data-start=\"948\" data-end=\"951\" \/>\u2714 <strong data-start=\"953\" data-end=\"971\">Vrsta spektra:<\/strong> celoten spekter<br data-start=\"987\" data-end=\"990\" \/>\u2714 <strong data-start=\"992\" data-end=\"1007\">Zatemnitev:<\/strong> ni mogo\u010de zatemniti<br data-start=\"1027\" data-end=\"1030\" \/>\u2714 <strong data-start=\"1032\" data-end=\"1043\">Osnova:<\/strong> E27<br data-start=\"1047\" data-end=\"1050\" \/>\u2714 <strong data-start=\"1052\" data-end=\"1098\">Ni primerna za uporabo v zaprtih svetilkah<\/strong><\/p>\n<p data-start=\"1102\" data-end=\"1232\" data-is-last-node=\"\" data-is-only-node=\"\">","protected":false},"excerpt":{"rendered":"<p>\u010ce i\u0161\u010dete najmo\u010dnej\u0161o Sansi \u017earnico, ki bo poskrbela za optimalno rast in cvetenje va\u0161ih rastlin, je 36W model idealna izbira!<\/p>","protected":false},"featured_media":7199,"template":"","meta":{"site-sidebar-layout":"default","site-content-layout":"","ast-site-content-layout":"default","site-content-style":"default","site-sidebar-style":"default","ast-global-header-display":"","ast-banner-title-visibility":"","ast-main-header-display":"","ast-hfb-above-header-display":"","ast-hfb-below-header-display":"","ast-hfb-mobile-header-display":"","site-post-title":"","ast-breadcrumbs-content":"","ast-featured-img":"","footer-sml-layout":"","ast-disable-related-posts":"","theme-transparent-header-meta":"default","adv-header-id-meta":"","stick-header-meta":"","header-above-stick-meta":"","header-main-stick-meta":"","header-below-stick-meta":"","astra-migrate-meta-layouts":"set","ast-page-background-enabled":"default","ast-page-background-meta":{"desktop":{"background-color":"","background-image":"","background-repeat":"repeat","background-position":"center center","background-size":"auto","background-attachment":"scroll","background-type":"","background-media":"","overlay-type":"","overlay-color":"","overlay-opacity":"","overlay-gradient":""},"tablet":{"background-color":"","background-image":"","background-repeat":"repeat","background-position":"center center","background-size":"auto","background-attachment":"scroll","background-type":"","background-media":"","overlay-type":"","overlay-color":"","overlay-opacity":"","overlay-gradient":""},"mobile":{"background-color":"","background-image":"","background-repeat":"repeat","background-position":"center center","background-size":"auto","background-attachment":"scroll","background-type":"","background-media":"","overlay-type":"","overlay-color":"","overlay-opacity":"","overlay-gradient":""}},"ast-content-background-meta":{"desktop":{"background-color":"var(--ast-global-color-5)","background-image":"","background-repeat":"repeat","background-position":"center center","background-size":"auto","background-attachment":"scroll","background-type":"","background-media":"","overlay-type":"","overlay-color":"","overlay-opacity":"","overlay-gradient":""},"tablet":{"background-color":"var(--ast-global-color-5)","background-image":"","background-repeat":"repeat","background-position":"center center","background-size":"auto","background-attachment":"scroll","background-type":"","background-media":"","overlay-type":"","overlay-color":"","overlay-opacity":"","overlay-gradient":""},"mobile":{"background-color":"var(--ast-global-color-5)","background-image":"","background-repeat":"repeat","background-position":"center center","background-size":"auto","background-attachment":"scroll","background-type":"","background-media":"","overlay-type":"","overlay-color":"","overlay-opacity":"","overlay-gradient":""}}},"product_brand":[],"product_cat":[97,108],"product_tag":[],"class_list":{"0":"post-7209","1":"product","2":"type-product","3":"status-publish","4":"has-post-thumbnail","6":"product_cat-substrati-in-oprema","7":"product_cat-zarnice","8":"desktop-align-left","9":"tablet-align-left","10":"mobile-align-left","12":"first","13":"instock","14":"shipping-taxable","15":"purchasable","16":"product-type-simple"},"_links":{"self":[{"href":"https:\/\/www.skayanatropicals.com\/en\/wp-json\/wp\/v2\/product\/7209","targetHints":{"allow":["GET"]}}],"collection":[{"href":"https:\/\/www.skayanatropicals.com\/en\/wp-json\/wp\/v2\/product"}],"about":[{"href":"https:\/\/www.skayanatropicals.com\/en\/wp-json\/wp\/v2\/types\/product"}],"wp:featuredmedia":[{"embeddable":true,"href":"https:\/\/www.skayanatropicals.com\/en\/wp-json\/wp\/v2\/media\/7199"}],"wp:attachment":[{"href":"https:\/\/www.skayanatropicals.com\/en\/wp-json\/wp\/v2\/media?parent=7209"}],"wp:term":[{"taxonomy":"product_brand","embeddable":true,"href":"https:\/\/www.skayanatropicals.com\/en\/wp-json\/wp\/v2\/product_brand?post=7209"},{"taxonomy":"product_cat","embeddable":true,"href":"https:\/\/www.skayanatropicals.com\/en\/wp-json\/wp\/v2\/product_cat?post=7209"},{"taxonomy":"product_tag","embeddable":true,"href":"https:\/\/www.skayanatropicals.com\/en\/wp-json\/wp\/v2\/product_tag?post=7209"}],"curies":[{"name":"wp","href":"https:\/\/api.w.org\/{rel}","templated":true}]}}