{"id":7210,"date":"2023-10-06T15:59:25","date_gmt":"2023-10-06T13:59:25","guid":{"rendered":"https:\/\/www.skayanatropicals.com\/?post_type=product&#038;p=7210"},"modified":"2026-03-04T13:49:04","modified_gmt":"2026-03-04T12:49:04","slug":"sansi-15w-zarnica-za-rast-2","status":"publish","type":"product","link":"https:\/\/www.skayanatropicals.com\/en\/product\/sansi-15w-zarnica-za-rast-2\/","title":{"rendered":"Sansi 15W - Grow light"},"content":{"rendered":"<p><strong>Sansi \u017earnice za rast<\/strong> so znane po svoji kakovosti, dolgi \u017eivljenjski dobi in odli\u010dnih rezultatih pri vzgoji rastlin. Zahvaljujo\u010d napredni LED tehnologiji zagotavljajo mo\u010dno in enakomerno osvetlitev, ki spodbuja zdravo rast in razvoj rastlin. Z E27 navojem omogo\u010dajo preprosto namestitev v katero koli standardno svetilko, kar pomeni, da jih lahko zlahka vklju\u010dite v svoj prostor. So energetsko u\u010dinkovite in so odli\u010dna izbira tako za za\u010detnike kot za izku\u0161ene ljubitelje rastlin.<\/p>\n<p data-start=\"511\" data-end=\"566\"><strong data-start=\"511\" data-end=\"564\">Sansi 15W \u2013 mo\u010dnej\u0161a osvetlitev za optimalno rast<\/strong><\/p>\n<p data-start=\"568\" data-end=\"955\">Sansi 15W LED \u017earnica za rast je odli\u010dna izbira za tiste, ki potrebujejo mo\u010dnej\u0161i vir svetlobe za svoje rastline. Zaradi polnega spektra ustreza tako vegetativni fazi rasti kot tudi cvetenju, kar pomeni, da je primerna za \u0161irok spekter rastlin, vklju\u010dno s tropskimi vrstami, kot so Hoye. S kotom \u017earka 60\u00b0 zagotavlja usmerjeno osvetlitev, ki omogo\u010da bolj\u0161o absorpcijo svetlobe.<\/p>\n<p data-start=\"957\" data-end=\"1234\"><strong data-start=\"957\" data-end=\"980\">Tehni\u010dne lastnosti:<\/strong><br data-start=\"980\" data-end=\"983\" \/>\u2714 <strong data-start=\"985\" data-end=\"1017\">Vhodna napetost \/ frekvenca:<\/strong> 220-240V~, 50\/60Hz<br data-start=\"1036\" data-end=\"1039\" \/>\u2714 <strong data-start=\"1041\" data-end=\"1057\">Nazivna mo\u010d:<\/strong> 15W<br data-start=\"1061\" data-end=\"1064\" \/>\u2714 <strong data-start=\"1066\" data-end=\"1080\">Kot \u017earka:<\/strong> 60\u00b0<br data-start=\"1084\" data-end=\"1087\" \/>\u2714 <strong data-start=\"1089\" data-end=\"1107\">Vrsta spektra:<\/strong> polni spekter<br data-start=\"1121\" data-end=\"1124\" \/>\u2714 <strong data-start=\"1126\" data-end=\"1141\">Zatemnitev:<\/strong> ni mogo\u010de zatemniti<br data-start=\"1161\" data-end=\"1164\" \/>\u2714 <strong data-start=\"1166\" data-end=\"1177\">Osnova:<\/strong> E27<br data-start=\"1181\" data-end=\"1184\" \/>\u2714 <strong data-start=\"1186\" data-end=\"1232\">Ni primerna za uporabo v zaprtih svetilkah<\/strong><\/p>\n<p data-start=\"1236\" data-end=\"1422\" data-is-last-node=\"\" data-is-only-node=\"\">","protected":false},"excerpt":{"rendered":"<p>\u010ce i\u0161\u010dete u\u010dinkovito re\u0161itev za osvetlitev va\u0161ih rastlin, je Sansi 15W odli\u010dna izbira. Zagotavlja mo\u010dno in usmerjeno svetlobo, ki bo va\u0161im rastlinam pomagala uspevati v vseh fazah rasti.<\/p>","protected":false},"featured_media":7202,"template":"","meta":{"site-sidebar-layout":"default","site-content-layout":"","ast-site-content-layout":"default","site-content-style":"default","site-sidebar-style":"default","ast-global-header-display":"","ast-banner-title-visibility":"","ast-main-header-display":"","ast-hfb-above-header-display":"","ast-hfb-below-header-display":"","ast-hfb-mobile-header-display":"","site-post-title":"","ast-breadcrumbs-content":"","ast-featured-img":"","footer-sml-layout":"","ast-disable-related-posts":"","theme-transparent-header-meta":"default","adv-header-id-meta":"","stick-header-meta":"","header-above-stick-meta":"","header-main-stick-meta":"","header-below-stick-meta":"","astra-migrate-meta-layouts":"set","ast-page-background-enabled":"default","ast-page-background-meta":{"desktop":{"background-color":"","background-image":"","background-repeat":"repeat","background-position":"center center","background-size":"auto","background-attachment":"scroll","background-type":"","background-media":"","overlay-type":"","overlay-color":"","overlay-opacity":"","overlay-gradient":""},"tablet":{"background-color":"","background-image":"","background-repeat":"repeat","background-position":"center center","background-size":"auto","background-attachment":"scroll","background-type":"","background-media":"","overlay-type":"","overlay-color":"","overlay-opacity":"","overlay-gradient":""},"mobile":{"background-color":"","background-image":"","background-repeat":"repeat","background-position":"center center","background-size":"auto","background-attachment":"scroll","background-type":"","background-media":"","overlay-type":"","overlay-color":"","overlay-opacity":"","overlay-gradient":""}},"ast-content-background-meta":{"desktop":{"background-color":"var(--ast-global-color-5)","background-image":"","background-repeat":"repeat","background-position":"center center","background-size":"auto","background-attachment":"scroll","background-type":"","background-media":"","overlay-type":"","overlay-color":"","overlay-opacity":"","overlay-gradient":""},"tablet":{"background-color":"var(--ast-global-color-5)","background-image":"","background-repeat":"repeat","background-position":"center center","background-size":"auto","background-attachment":"scroll","background-type":"","background-media":"","overlay-type":"","overlay-color":"","overlay-opacity":"","overlay-gradient":""},"mobile":{"background-color":"var(--ast-global-color-5)","background-image":"","background-repeat":"repeat","background-position":"center center","background-size":"auto","background-attachment":"scroll","background-type":"","background-media":"","overlay-type":"","overlay-color":"","overlay-opacity":"","overlay-gradient":""}}},"product_brand":[],"product_cat":[97,108],"product_tag":[],"class_list":{"0":"post-7210","1":"product","2":"type-product","3":"status-publish","4":"has-post-thumbnail","6":"product_cat-substrati-in-oprema","7":"product_cat-zarnice","8":"desktop-align-left","9":"tablet-align-left","10":"mobile-align-left","12":"first","13":"instock","14":"shipping-taxable","15":"purchasable","16":"product-type-simple"},"_links":{"self":[{"href":"https:\/\/www.skayanatropicals.com\/en\/wp-json\/wp\/v2\/product\/7210","targetHints":{"allow":["GET"]}}],"collection":[{"href":"https:\/\/www.skayanatropicals.com\/en\/wp-json\/wp\/v2\/product"}],"about":[{"href":"https:\/\/www.skayanatropicals.com\/en\/wp-json\/wp\/v2\/types\/product"}],"wp:featuredmedia":[{"embeddable":true,"href":"https:\/\/www.skayanatropicals.com\/en\/wp-json\/wp\/v2\/media\/7202"}],"wp:attachment":[{"href":"https:\/\/www.skayanatropicals.com\/en\/wp-json\/wp\/v2\/media?parent=7210"}],"wp:term":[{"taxonomy":"product_brand","embeddable":true,"href":"https:\/\/www.skayanatropicals.com\/en\/wp-json\/wp\/v2\/product_brand?post=7210"},{"taxonomy":"product_cat","embeddable":true,"href":"https:\/\/www.skayanatropicals.com\/en\/wp-json\/wp\/v2\/product_cat?post=7210"},{"taxonomy":"product_tag","embeddable":true,"href":"https:\/\/www.skayanatropicals.com\/en\/wp-json\/wp\/v2\/product_tag?post=7210"}],"curies":[{"name":"wp","href":"https:\/\/api.w.org\/{rel}","templated":true}]}}